{"id":1634,"date":"2024-11-28T18:03:36","date_gmt":"2024-11-28T18:03:36","guid":{"rendered":"https:\/\/www.insinoorikoulutusjohtajat.fi\/?page_id=1634"},"modified":"2025-09-04T18:28:32","modified_gmt":"2025-09-04T17:28:32","slug":"insinoorikoulutusjohtajat","status":"publish","type":"page","link":"https:\/\/www.insinoorikoulutusjohtajat.fi\/","title":{"rendered":"Insin\u00f6\u00f6rikoulutusjohtajat ry"},"content":{"rendered":"\t\t<div data-elementor-type=\"wp-post\" data-elementor-id=\"1634\" class=\"elementor elementor-1634\">\n\t\t\t\t<div class=\"elementor-element elementor-element-e5c1a57 e-flex e-con-boxed e-con e-parent\" data-id=\"e5c1a57\" data-element_type=\"container\" data-e-type=\"container\" data-settings=\"{&quot;background_background&quot;:&quot;classic&quot;}\">\n\t\t\t\t\t<div class=\"e-con-inner\">\n\t\t\t\t\t<\/div>\n\t\t\t\t<\/div>\n\t\t\t\t<section class=\"elementor-section elementor-top-section elementor-element elementor-element-16706eea elementor-section-boxed elementor-section-height-default elementor-section-height-default\" data-id=\"16706eea\" data-element_type=\"section\" data-e-type=\"section\" data-settings=\"{&quot;background_background&quot;:&quot;classic&quot;}\">\n\t\t\t\t\t\t<div class=\"elementor-container elementor-column-gap-default\">\n\t\t\t\t\t<div class=\"elementor-column elementor-col-50 elementor-top-column elementor-element elementor-element-28cf021d\" data-id=\"28cf021d\" data-element_type=\"column\" data-e-type=\"column\">\n\t\t\t<div class=\"elementor-widget-wrap elementor-element-populated\">\n\t\t\t\t\t\t<div class=\"elementor-element elementor-element-425182d2 elementor-widget-tablet__width-initial elementor-widget-mobile__width-auto elementor-widget elementor-widget-elementskit-heading\" data-id=\"425182d2\" data-element_type=\"widget\" data-e-type=\"widget\" data-widget_type=\"elementskit-heading.default\">\n\t\t\t\t<div class=\"elementor-widget-container\">\n\t\t\t\t\t<div class=\"ekit-wid-con\" ><div class=\"ekit-heading elementskit-section-title-wraper text_left   ekit_heading_tablet-text_left   ekit_heading_mobile-text_left\"><h2 class=\"ekit-heading--title elementskit-section-title \">Keit\u00e4 olemme?<\/h2><\/div><\/div>\t\t\t\t<\/div>\n\t\t\t\t<\/div>\n\t\t\t\t<div class=\"elementor-element elementor-element-627eed8c elementor-widget elementor-widget-text-editor\" data-id=\"627eed8c\" data-element_type=\"widget\" data-e-type=\"widget\" data-widget_type=\"text-editor.default\">\n\t\t\t\t<div class=\"elementor-widget-container\">\n\t\t\t\t\t\t\t\t\t<p style=\"box-sizing: inherit; color: #404040; font-family: sans-serif; background-color: #f7f9fb;\">Insin\u00f6\u00f6rikoulutusjohtajat ry toimii ammattikorkeakoulujen tekniikan alojen vastuuhenkil\u00f6iden v\u00e4lisen\u00e4 yhdyssiteen\u00e4 ja luo tilaisuuksia j\u00e4sentens\u00e4 v\u00e4liselle aktiiviselle keskustelulle. Yhdistyksen toiminnan tarkoituksena on tukea insin\u00f6\u00f6rikoulutuksen ja eri tekniikan alojen koulutuksen kehitt\u00e4mist\u00e4 valtakunnallisesti sek\u00e4 edist\u00e4\u00e4 suomalaisen insin\u00f6\u00f6rikoulutuksen kansainv\u00e4listymist\u00e4.<\/p><p style=\"box-sizing: inherit; color: #404040; font-family: sans-serif; background-color: #f7f9fb;\">Yhdistys j\u00e4rjest\u00e4\u00e4 s\u00e4\u00e4nn\u00f6llisesti yhteisi\u00e4 tapahtumia tukeakseen j\u00e4sentens\u00e4 v\u00e4list\u00e4 verkostoitumista ja keskustelua ajankohtaisista aiheista. J\u00e4sentapaamiset j\u00e4rjestet\u00e4\u00e4n usein muiden korkeakoulutukseen liittyvien tapahtumien yhteydess\u00e4 ja samalla tutustutaan eri ammattikorkeakoulujen toimintaan ja paikallisen elinkeinoel\u00e4m\u00e4n toimijoihin.<\/p><p style=\"box-sizing: inherit; color: #404040; font-family: sans-serif; background-color: #f7f9fb;\">Yhdistykseen j\u00e4seniksi ovat tervetulleita kaikki ammattikorkeakoulujen insin\u00f6\u00f6rikoulutuksen johtamisesta ja kehitt\u00e4misest\u00e4 vastuussa olevat henkil\u00f6t. Toiminnassa on mukana j\u00e4seni\u00e4 l\u00e4hes kaikista ammattikorkeakouluista.<\/p>\t\t\t\t\t\t\t\t<\/div>\n\t\t\t\t<\/div>\n\t\t\t\t\t<\/div>\n\t\t<\/div>\n\t\t\t\t<div class=\"elementor-column elementor-col-50 elementor-top-column elementor-element elementor-element-83f72b9 elementor-hidden-mobile\" data-id=\"83f72b9\" data-element_type=\"column\" data-e-type=\"column\" data-settings=\"{&quot;background_background&quot;:&quot;classic&quot;}\">\n\t\t\t<div class=\"elementor-widget-wrap\">\n\t\t\t\t\t<div class=\"elementor-background-overlay\"><\/div>\n\t\t\t\t\t\t\t<\/div>\n\t\t<\/div>\n\t\t\t\t\t<\/div>\n\t\t<\/section>\n\t\t\t\t<section class=\"elementor-section elementor-top-section elementor-element elementor-element-4ba2e5ea elementor-section-boxed elementor-section-height-default elementor-section-height-default\" data-id=\"4ba2e5ea\" data-element_type=\"section\" data-e-type=\"section\" id=\"xs_cta_business\" data-settings=\"{&quot;background_background&quot;:&quot;classic&quot;}\">\n\t\t\t\t\t\t\t<div class=\"elementor-background-overlay\"><\/div>\n\t\t\t\t\t\t\t<div class=\"elementor-container elementor-column-gap-default\">\n\t\t\t\t\t<div class=\"elementor-column elementor-col-50 elementor-top-column elementor-element elementor-element-51317921\" data-id=\"51317921\" data-element_type=\"column\" data-e-type=\"column\">\n\t\t\t<div class=\"elementor-widget-wrap elementor-element-populated\">\n\t\t\t\t\t\t<div class=\"elementor-element elementor-element-2dc6e7f4 elementor-widget elementor-widget-elementskit-heading\" data-id=\"2dc6e7f4\" data-element_type=\"widget\" data-e-type=\"widget\" data-widget_type=\"elementskit-heading.default\">\n\t\t\t\t<div class=\"elementor-widget-container\">\n\t\t\t\t\t<div class=\"ekit-wid-con\" ><div class=\"ekit-heading elementskit-section-title-wraper text_left   ekit_heading_tablet-   ekit_heading_mobile-text_center\"><h2 class=\"ekit-heading--title elementskit-section-title \">L\u00e4hde mukaan linjaamaan tulevaisuuden insin\u00f6\u00f6riosaamista ja -koulutuksen suuntaviivoja!<\/h2><\/div><\/div>\t\t\t\t<\/div>\n\t\t\t\t<\/div>\n\t\t\t\t\t<\/div>\n\t\t<\/div>\n\t\t\t\t<div class=\"elementor-column elementor-col-50 elementor-top-column elementor-element elementor-element-11567069\" data-id=\"11567069\" data-element_type=\"column\" data-e-type=\"column\">\n\t\t\t<div class=\"elementor-widget-wrap elementor-element-populated\">\n\t\t\t\t\t\t<div class=\"elementor-element elementor-element-1072ffec elementor-align-right elementor-align--mobilecenter elementor-align--tabletcenter elementor-widget-tablet__width-auto elementor-widget elementor-widget-elementskit-button\" data-id=\"1072ffec\" data-element_type=\"widget\" data-e-type=\"widget\" data-widget_type=\"elementskit-button.default\">\n\t\t\t\t<div class=\"elementor-widget-container\">\n\t\t\t\t\t<div class=\"ekit-wid-con\" >\t\t<div class=\"ekit-btn-wraper\">\n\t\t\t\t\t\t\t<a href=\"https:\/\/www.insinoorikoulutusjohtajat.fi\/?page_id=1722\" class=\"elementskit-btn  whitespace--normal\" id=\"\">\n\t\t\t\t\tHae j\u00e4seneksi\t\t\t\t<\/a>\n\t\t\t\t\t<\/div>\n        <\/div>\t\t\t\t<\/div>\n\t\t\t\t<\/div>\n\t\t\t\t\t<\/div>\n\t\t<\/div>\n\t\t\t\t\t<\/div>\n\t\t<\/section>\n\t\t\t\t<\/div>\n\t\t","protected":false},"excerpt":{"rendered":"<p>Keit\u00e4 olemme? Insin\u00f6\u00f6rikoulutusjohtajat ry toimii ammattikorkeakoulujen tekniikan alojen vastuuhenkil\u00f6iden v\u00e4lisen\u00e4 yhdyssiteen\u00e4 ja luo tilaisuuksia j\u00e4sentens\u00e4 v\u00e4liselle aktiiviselle keskustelulle. Yhdistyksen toiminnan tarkoituksena on tukea insin\u00f6\u00f6rikoulutuksen ja eri tekniikan alojen koulutuksen kehitt\u00e4mist\u00e4 valtakunnallisesti sek\u00e4 edist\u00e4\u00e4 suomalaisen insin\u00f6\u00f6rikoulutuksen kansainv\u00e4listymist\u00e4. Yhdistys j\u00e4rjest\u00e4\u00e4 s\u00e4\u00e4nn\u00f6llisesti yhteisi\u00e4 tapahtumia tukeakseen j\u00e4sentens\u00e4 v\u00e4list\u00e4 verkostoitumista ja keskustelua ajankohtaisista aiheista. J\u00e4sentapaamiset j\u00e4rjestet\u00e4\u00e4n usein muiden korkeakoulutukseen liittyvien&#8230;<\/p>\n","protected":false},"author":4,"featured_media":0,"parent":0,"menu_order":0,"comment_status":"closed","ping_status":"closed","template":"elementor_header_footer","meta":{"_kad_post_transparent":"","_kad_post_title":"","_kad_post_layout":"","_kad_post_sidebar_id":"","_kad_post_content_style":"","_kad_post_vertical_padding":"","_kad_post_feature":"","_kad_post_feature_position":"","_kad_post_header":false,"_kad_post_footer":false,"_kad_post_classname":"","footnotes":""},"class_list":["post-1634","page","type-page","status-publish","hentry"],"_links":{"self":[{"href":"https:\/\/www.insinoorikoulutusjohtajat.fi\/index.php?rest_route=\/wp\/v2\/pages\/1634","targetHints":{"allow":["GET"]}}],"collection":[{"href":"https:\/\/www.insinoorikoulutusjohtajat.fi\/index.php?rest_route=\/wp\/v2\/pages"}],"about":[{"href":"https:\/\/www.insinoorikoulutusjohtajat.fi\/index.php?rest_route=\/wp\/v2\/types\/page"}],"author":[{"embeddable":true,"href":"https:\/\/www.insinoorikoulutusjohtajat.fi\/index.php?rest_route=\/wp\/v2\/users\/4"}],"replies":[{"embeddable":true,"href":"https:\/\/www.insinoorikoulutusjohtajat.fi\/index.php?rest_route=%2Fwp%2Fv2%2Fcomments&post=1634"}],"version-history":[{"count":6,"href":"https:\/\/www.insinoorikoulutusjohtajat.fi\/index.php?rest_route=\/wp\/v2\/pages\/1634\/revisions"}],"predecessor-version":[{"id":2841,"href":"https:\/\/www.insinoorikoulutusjohtajat.fi\/index.php?rest_route=\/wp\/v2\/pages\/1634\/revisions\/2841"}],"wp:attachment":[{"href":"https:\/\/www.insinoorikoulutusjohtajat.fi\/index.php?rest_route=%2Fwp%2Fv2%2Fmedia&parent=1634"}],"curies":[{"name":"wp","href":"https:\/\/api.w.org\/{rel}","templated":true}]}}